{"id":9367,"date":"2024-12-12T17:26:18","date_gmt":"2024-12-12T13:26:18","guid":{"rendered":"https:\/\/samaia.ge\/?post_type=product&#038;p=9367"},"modified":"2025-09-09T15:42:52","modified_gmt":"2025-09-09T11:42:52","slug":"%e1%83%aa%e1%83%94%e1%83%9c%e1%83%a2%e1%83%a0%e1%83%98%e1%83%a4%e1%83%a3%e1%83%92%e1%83%90-biosan-lmc-56","status":"publish","type":"product","link":"https:\/\/samaia.ge\/ka-ge\/product\/%e1%83%aa%e1%83%94%e1%83%9c%e1%83%a2%e1%83%a0%e1%83%98%e1%83%a4%e1%83%a3%e1%83%92%e1%83%90-biosan-lmc-56\/","title":{"rendered":"\u10ea\u10d4\u10dc\u10e2\u10e0\u10d8\u10e4\u10e3\u10d2\u10d0-Biosan LMC-56"},"content":{"rendered":"<h5><strong>\u10ea\u10d4\u10dc\u10e2\u10e0\u10d8\u10e4\u10e3\u10d2\u10d0 &#8211; Biosan LMC-56<\/strong><\/h5>\n<p><strong>\u10db\u10ec\u10d0\u10e0\u10db\u10dd\u10d4\u10d1\u10d4\u10da\u10d8 \u10e5\u10d5\u10d4\u10e7\u10d0\u10dc\u10d0: \u10da\u10d0\u10e2\u10d5\u10d8\u10d0<\/strong><\/p>\n<p><strong>\u10d3\u10d0\u10ee\u10d0\u10e1\u10d8\u10d0\u10d7\u10d4\u10d1\u10d0:\u00a0 <span class=\"HwtZe\" lang=\"ka\"><span class=\"jCAhz ChMk0b\"><span class=\"ryNqvb\">LMC-56 \u10d0\u10e0\u10d8\u10e1 \u10d3\u10d0\u10d1\u10d0\u10da\u10e1\u10d8\u10e9\u10e5\u10d0\u10e0\u10d8\u10d0\u10dc\u10d8, \u10db\u10e0\u10d0\u10d5\u10d0\u10da\u10e4\u10e3\u10dc\u10e5\u10ea\u10d8\u10e3\u10e0\u10d8 \u10ea\u10d4\u10dc\u10e2\u10e0\u10d8\u10e4\u10e3\u10d2\u10d0 \u10e0\u10e3\u10e2\u10d8\u10dc\u10e3\u10da\u10d8 \u10da\u10d0\u10d1\u10dd\u10e0\u10d0\u10e2\u10dd\u10e0\u10d8\u10e3\u10da\u10d8 \u10d2\u10d0\u10db\u10dd\u10e7\u10d4\u10dc\u10d4\u10d1\u10d8\u10e1\u10d7\u10d5\u10d8\u10e1.<\/span><\/span> <span class=\"jCAhz ChMk0b\"><span class=\"ryNqvb\">\u10d8\u10d3\u10d4\u10d0\u10da\u10e3\u10e0\u10d8\u10d0 \u10d1\u10d8\u10dd\u10e5\u10d8\u10db\u10d8\u10e3\u10e0\u10d8, \u10ea\u10d8\u10e2\u10dd\u10da\u10dd\u10d2\u10d8\u10e3\u10e0\u10d8, \u10d8\u10db\u10e3\u10dc\u10dd\u10da\u10dd\u10d2\u10d8\u10e3\u10e0\u10d8 \u10d0\u10dc\u10d0\u10da\u10d8\u10d6\u10d4\u10d1\u10d8\u10e1\u10d7\u10d5\u10d8\u10e1.<\/span><\/span> <span class=\"jCAhz ChMk0b\"><span class=\"ryNqvb\">\u10e8\u10d4\u10d8\u10eb\u10da\u10d4\u10d1\u10d0 \u10d2\u10d0\u10db\u10dd\u10e7\u10d4\u10dc\u10d4\u10d1\u10e3\u10da \u10d8\u10e5\u10dc\u10d0\u10e1 \u10dc\u10d8\u10db\u10e3\u10e8\u10d4\u10d1\u10d8\u10e1 \u10db\u10dd\u10e1\u10d0\u10db\u10d6\u10d0\u10d3\u10d4\u10d1\u10da\u10d0\u10d3 \u10d1\u10d8\u10dd\u10e1\u10d0\u10db\u10d4\u10d3\u10d8\u10ea\u10d8\u10dc\u10dd \u10d3\u10d0 \u10d2\u10d4\u10dc\u10d4\u10e2\u10d8\u10d9\u10e3\u10e0\u10d8 \u10d9\u10d5\u10da\u10d4\u10d5\u10d8\u10e1 \u10da\u10d0\u10d1\u10dd\u10e0\u10d0\u10e2\u10dd\u10e0\u10d8\u10d4\u10d1\u10e8\u10d8.<\/span><\/span><\/span><\/strong><\/p>\n<p><strong><span class=\"HwtZe\" lang=\"ka\"><span class=\"jCAhz ChMk0b\"><span class=\"ryNqvb\">\u10d7\u10d0\u10d5\u10d8\u10e1\u10d4\u10d1\u10e3\u10e0\u10d4\u10d1\u10d4\u10d1\u10d8: <\/span><\/span><span class=\"jCAhz ChMk0b\"><span class=\"ryNqvb\">\u10ea\u10d4\u10dc\u10e2\u10e0\u10d8\u10e4\u10e3\u10d2\u10d0\u10ea\u10d8\u10d8\u10e1 \u10de\u10d0\u10e0\u10d0\u10db\u10d4\u10e2\u10e0\u10d4\u10d1\u10d8\u10e1 \u10db\u10dd\u10e1\u10d0\u10ee\u10d4\u10e0\u10ee\u10d4\u10d1\u10d4\u10da\u10d8 \u10e8\u10d4\u10e7\u10d5\u10d0\u10dc\u10d0 \u10d3\u10d0 \u10db\u10d8\u10d7\u10d8\u10d7\u10d4\u10d1\u10e3\u10da\u10d8 \u10d3\u10d0 \u10e4\u10d0\u10e5\u10e2\u10dd\u10d1\u10e0\u10d8\u10d5\u10d8 \u10de\u10d0\u10e0\u10d0\u10db\u10d4\u10e2\u10e0\u10d4\u10d1\u10d8\u10e1 \u10db\u10dc\u10d8\u10e8\u10d5\u10dc\u10d4\u10da\u10dd\u10d1\u10d4\u10d1\u10d8\u10e1 \u10d4\u10e0\u10d7\u10d3\u10e0\u10dd\u10e3\u10da\u10d8 \u10e9\u10d5\u10d4\u10dc\u10d4\u10d1\u10d0. <\/span><\/span><span class=\"jCAhz ChMk0b\"><span class=\"ryNqvb\">\u10e3\u10e1\u10d0\u10e4\u10e0\u10d7\u10ee\u10dd \u10d0\u10dc\u10d0\u10da\u10d8\u10d6\u10d8: \u10da\u10d8\u10d7\u10dd\u10dc\u10d8\u10e1 \u10d3\u10d0\u10db\u10ea\u10d0\u10d5\u10d8 \u10d9\u10dd\u10e0\u10de\u10e3\u10e1\u10d8 \u10d3\u10d0 \u10da\u10d8\u10d7\u10dd\u10dc\u10d8\u10e1 \u10e1\u10d0\u10ee\u10e3\u10e0\u10d0\u10d5\u10d8, \u10d0\u10d5\u10e2\u10dd\u10db\u10d0\u10e2\u10e3\u10e0\u10d8 \u10d2\u10d0\u10db\u10dd\u10e0\u10d7\u10d5\u10d0 \u10d2\u10d0\u10e3\u10ec\u10dd\u10dc\u10d0\u10e1\u10ec\u10dd\u10e0\u10d4\u10d1\u10da\u10d0\u10d3, \u10e1\u10d0\u10ee\u10e3\u10e0\u10d0\u10d5\u10d8\u10e1 \u10e9\u10d0\u10d9\u10d4\u10e2\u10d5\u10d0 \u10ea\u10d4\u10dc\u10e2\u10e0\u10d8\u10e4\u10e3\u10d2\u10d8\u10e1 \u10db\u10e3\u10e8\u10d0\u10dd\u10d1\u10d8\u10e1\u10d0\u10e1 \u10e3\u10d6\u10e0\u10e3\u10dc\u10d5\u10d4\u10da\u10e7\u10dd\u10e4\u10e1 \u10e3\u10e1\u10d0\u10e4\u10e0\u10d7\u10ee\u10dd \u10db\u10e3\u10e8\u10d0\u10dd\u10d1\u10d0\u10e1 \u10e7\u10d5\u10d4\u10da\u10d0 \u10e1\u10d8\u10e9\u10e5\u10d0\u10e0\u10d8\u10d7. <\/span><\/span><span class=\"jCAhz\"><span class=\"ryNqvb\">\u10e0\u10dd\u10e2\u10dd\u10e0\u10d8\u10e1 \u10d3\u10d8\u10e1\u10d1\u10d0\u10da\u10d0\u10dc\u10e1\u10d8\u10e1 \u10d0\u10d5\u10e2\u10dd\u10db\u10d0\u10e2\u10e3\u10e0\u10d8 \u10d3\u10d8\u10d0\u10d2\u10dc\u10dd\u10d6\u10d8 (\u10d2\u10d0\u10d3\u10d0\u10e3\u10d3\u10d4\u10d1\u10d4\u10da\u10d8 \u10d2\u10d0\u10e9\u10d4\u10e0\u10d4\u10d1\u10d0, \u10d3\u10d8\u10e1\u10d1\u10d0\u10da\u10d0\u10dc\u10e1\u10d8\u10e1 \u10e9\u10d5\u10d4\u10dc\u10d4\u10d1\u10d0). <\/span><\/span><span class=\"jCAhz ChMk0b\"><span class=\"ryNqvb\">\u10e0\u10dd\u10e2\u10dd\u10e0\u10d8\u10e1 \u10d0\u10d5\u10e2\u10dd\u10db\u10d0\u10e2\u10e3\u10e0\u10d8 \u10d2\u10d0\u10db\u10dd\u10d5\u10da\u10d4\u10dc\u10d0 \u10d0\u10e5\u10e2\u10d8\u10e3\u10e0\u10d8 \u10e1\u10d8\u10e9\u10e5\u10d0\u10e0\u10d8\u10e1 \u10e8\u10d4\u10d6\u10e6\u10e3\u10d3\u10d5\u10d8\u10d7 <\/span><\/span><span class=\"jCAhz\"><span class=\"ryNqvb\">\u10e3\u10e4\u10e0\u10dd \u10db\u10d0\u10e6\u10d0\u10da\u10d8 \u10e1\u10d8\u10e9\u10e5\u10d0\u10e0\u10d4 &#8211; \u10db\u10d0\u10e5\u10e1\u10d8\u10db\u10d0\u10da\u10e3\u10e0\u10d8 6000 \u10d1\u10e0\/\u10ec\u10d7 \u10d0\u10dc 3750 \u10d2 <\/span><\/span><span class=\"jCAhz\"><span class=\"ryNqvb\">\u10e0\u10dd\u10e2\u10dd\u10e0\u10d4\u10d1\u10d8\u10e1 \u10e4\u10d0\u10e0\u10d7\u10dd \u10d0\u10e0\u10e9\u10d4\u10d5\u10d0\u10dc\u10d8 &#8211; 13 \u10ea\u10d0\u10da\u10d8 <\/span><\/span><span class=\"jCAhz\"><span class=\"ryNqvb\">\u10d2\u10d0\u10e3\u10db\u10ef\u10dd\u10d1\u10d4\u10e1\u10d4\u10d1\u10e3\u10da\u10d8 \u10d9\u10d0\u10db\u10d4\u10e0\u10d0 \u10ea\u10d4\u10dc\u10e2\u10e0\u10d8\u10e4\u10e3\u10d2\u10d0\u10ea\u10d8\u10d8\u10e1 \u10d3\u10e0\u10dd\u10e1 \u10dc\u10d8\u10db\u10e3\u10e8\u10d8\u10e1 \u10d2\u10d0\u10d7\u10d1\u10dd\u10d1\u10d8\u10e1 \u10e8\u10d4\u10e1\u10d0\u10db\u10ea\u10d8\u10e0\u10d4\u10d1\u10da\u10d0\u10d3; <\/span><\/span><span class=\"jCAhz\"><span class=\"ryNqvb\">\u10d0\u10e9\u10e5\u10d0\u10e0\u10d4\u10d1\u10d8\u10e1\u10d0 \u10d3\u10d0 \u10e8\u10d4\u10dc\u10d4\u10da\u10d4\u10d1\u10d8\u10e1 \u10e1\u10ee\u10d5\u10d0\u10d3\u10d0\u10e1\u10ee\u10d5\u10d0 \u10e0\u10d4\u10df\u10d8\u10db\u10d8, \u10db\u10d0\u10d7 \u10e8\u10dd\u10e0\u10d8\u10e1 \u10e8\u10d4\u10dc\u10d4\u10da\u10d4\u10d1\u10d8\u10e1 \u10e0\u10d4\u10df\u10d8\u10db\u10d8 \u10d8\u10eb\u10e3\u10da\u10d4\u10d1\u10d8\u10d7\u10d8 \u10d3\u10d0\u10db\u10e3\u10ee\u10e0\u10e3\u10ed\u10d4\u10d1\u10d8\u10d7 \u10d2\u10d0\u10db\u10dd\u10e0\u10d7\u10e3\u10da\u10d8. <\/span><\/span><span class=\"jCAhz ChMk0b\"><span class=\"ryNqvb\">\u10e1\u10d8\u10e9\u10e5\u10d0\u10e0\u10d8\u10e1 \u10d3\u10d0\u10e7\u10d4\u10dc\u10d4\u10d1\u10d8\u10e1 \u10e8\u10d4\u10e1\u10d0\u10eb\u10da\u10d4\u10d1\u10da\u10dd\u10d1\u10d0 \u10ec\u10e3\u10d7\u10e8\u10d8 \u10d1\u10e0\u10e3\u10dc\u10d5\u10d4\u10d1\u10d8\u10d7 \u10d3\u10d0 \u10e8\u10d4\u10d3\u10d0\u10e0\u10d4\u10d1\u10d8\u10d7 \u10ea\u10d4\u10dc\u10e2\u10e0\u10d8\u10d3\u10d0\u10dc\u10e3\u10da\u10d8 \u10eb\u10d0\u10da\u10d8\u10d7.<\/span><\/span><\/span><\/strong><\/p>\n<p><strong><span class=\"HwtZe\" lang=\"ka\"><span class=\"jCAhz ChMk0b\"><span class=\"ryNqvb\">\u10e0\u10d4\u10d2\u10e3\u10da\u10d8\u10e0\u10d4\u10d1\u10d0\u10d3\u10d8 \u10e1\u10d8\u10e9\u10e5\u10d0\u10e0\u10d8\u10e1 \u10d3\u10d8\u10d0\u10de\u10d0\u10d6\u10dd\u10dc\u10d8 \u10db\u10d8\u10da\u10d4\u10d1\u10d8\u10e1\u10d7\u10d5\u10d8\u10e1:\u00a0 100-6000 rpm (3750 \u00d7 g) <\/span><\/span><\/span><\/strong><\/p>\n<p><strong><span class=\"HwtZe\" lang=\"ka\"><span class=\"jCAhz ChMk0b\"><span class=\"ryNqvb\">\u10e0\u10d4\u10d2\u10e3\u10da\u10d8\u10e0\u10d4\u10d1\u10d0\u10d3\u10d8 \u10e1\u10d8\u10e9\u10e5\u10d0\u10e0\u10d8\u10e1 \u10d3\u10d8\u10d0\u10de\u10d0\u10d6\u10dd\u10dc\u10d8 \u10e2\u10d0\u10d1\u10da\u10d4\u10e2\u10d4\u10d1\u10d8\u10e1\u10d7\u10d5\u10d8\u10e1 100-2000 rpm (560 \u00d7 g)<\/span><\/span><\/span><\/strong><\/p>\n<p><strong><span class=\"HwtZe\" lang=\"ka\"> <span class=\"jCAhz ChMk0b\"><span class=\"ryNqvb\">\u10e1\u10d8\u10e9\u10e5\u10d0\u10e0\u10d8\u10e1 \u10d3\u10d0\u10e7\u10d4\u10dc\u10d4\u10d1\u10d8\u10e1 \u10dc\u10d0\u10d1\u10d8\u10ef\u10d8 100 rpm <\/span><\/span><\/span><\/strong><\/p>\n<p><strong><span class=\"HwtZe\" lang=\"ka\"><span class=\"jCAhz ChMk0b\"><span class=\"ryNqvb\">\u10ea\u10d8\u10e4\u10e0\u10e3\u10da\u10d8 \u10d3\u10e0\u10dd\u10d8\u10e1 \u10d3\u10d0\u10e7\u10d4\u10dc\u10d4\u10d1\u10d0 1 \u2013 90 \u10ec\u10d7.\/\u10e3\u10ec\u10e7\u10d5\u10d4\u10e2\u10d8 (1 \u10ec\u10d7. \u10dc\u10d0\u10d1\u10d8\u10ef\u10d8)<\/span><\/span><\/span><\/strong><\/p>\n<p><strong><span class=\"HwtZe\" lang=\"ka\"> <span class=\"jCAhz ChMk0b\"><span class=\"ryNqvb\">\u10e2\u10d0\u10d8\u10db\u10d4\u10e0\u10d8 \u10e1\u10d8\u10d2\u10dc\u10d0\u10da\u10d8 +<\/span><\/span><\/span><\/strong><\/p>\n<p><strong><span class=\"HwtZe\" lang=\"ka\"> <span class=\"jCAhz ChMk0b\"><span class=\"ryNqvb\">\u10e0\u10dd\u10e2\u10dd\u10e0\u10d8\u10e1 \u10d3\u10d8\u10e1\u10d1\u10d0\u10da\u10d0\u10dc\u10e1\u10d8\u10e1 \u10d3\u10d8\u10d0\u10d2\u10dc\u10dd\u10d6\u10d8 (\u10d0\u10d5\u10e2\u10dd\u10db\u10d0\u10e2\u10e3\u10e0\u10d8 \u10d2\u10d0\u10e9\u10d4\u10e0\u10d4\u10d1\u10d0, \u10d2\u10d0\u10e4\u10e0\u10d7\u10ee\u10d8\u10da\u10d4\u10d1\u10d0 &#8220;IMBALANCE&#8221;) + <\/span><\/span><\/span><\/strong><\/p>\n<p><strong><span class=\"HwtZe\" lang=\"ka\"><span class=\"jCAhz\"><span class=\"ryNqvb\">\u10e0\u10dd\u10e2\u10dd\u10e0\u10d8\u10e1 \u10d2\u10d0\u10dc\u10db\u10d0\u10e0\u10e2\u10d4\u10d1\u10d0 + <\/span><\/span><\/span><\/strong><\/p>\n<p><strong><span class=\"HwtZe\" lang=\"ka\"><span class=\"jCAhz ChMk0b\"><span class=\"ryNqvb\">LCD \u10d3\u10d8\u10e1\u10de\u10da\u10d4\u10d8, 2 \u00d7 16 \u10e1\u10d8\u10db\u10d1\u10dd\u10da\u10dd<\/span><\/span><\/span><\/strong><\/p>\n<p><strong><span class=\"HwtZe\" lang=\"ka\"> <span class=\"jCAhz ChMk0b\"><span class=\"ryNqvb\">\u10e1\u10d0\u10db\u10e3\u10e8\u10d0\u10dd \u10d9\u10d0\u10db\u10d4\u10e0\u10d8\u10e1 \u10d3\u10d8\u10d0\u10db\u10d4\u10e2\u10e0\u10d8 355 \u10db\u10db <\/span><\/span><\/span><\/strong><\/p>\n<p><strong><span class=\"HwtZe\" lang=\"ka\"><span class=\"jCAhz ChMk0b\"><span class=\"ryNqvb\">\u10d6\u10dd\u10db\u10d4\u10d1\u10d8 (L\u00d7W\u00d7H) 560 \u00d7 480 \u00d7 315 \u10db\u10db <\/span><\/span><\/span><\/strong><\/p>\n<p><strong><span class=\"HwtZe\" lang=\"ka\"><span class=\"jCAhz ChMk0b\"><span class=\"ryNqvb\">\u10ec\u10dd\u10dc\u10d0 16,5 \u10d9\u10d2 <\/span><\/span><\/span><\/strong><\/p>\n<p><strong><span class=\"HwtZe\" lang=\"ka\"><span class=\"jCAhz ChMk0b\"><span class=\"ryNqvb\">\u10d9\u10d5\u10d4\u10d1\u10d8\u10e1 \u10d1\u10da\u10dd\u10d9\u10d8 230 V, 50\/60 Hz \u10d0\u10dc 120 V, 50\/60 Hz <\/span><\/span><\/span><\/strong><\/p>\n<p><strong><span class=\"HwtZe\" lang=\"ka\"><span class=\"jCAhz ChMk0b\"><span class=\"ryNqvb\">\u10d4\u10dc\u10d4\u10e0\u10d2\u10d8\u10d8\u10e1 \u10db\u10dd\u10ee\u10db\u10d0\u10e0\u10d4\u10d1\u10d0 (230V \/ 120V) 320 W \/ 330 W<\/span><\/span><\/span><\/strong><\/p>\n<p><strong>\u10e8\u10d4\u10eb\u10d4\u10dc\u10d8\u10e1 \u10d3\u10d4\u10e2\u10d0\u10da\u10d4\u10d1\u10d7\u10d0\u10dc \u10d3\u10d0\u10d9\u10d0\u10d5\u10e8\u10d8\u10e0\u10d4\u10d1\u10d8\u10d7 \u10e8\u10d4\u10d2\u10d8\u10eb\u10da\u10d8\u10d0\u10d7 \u10d3\u10d0\u10d2\u10d5\u10d8\u10d9\u10d0\u10d5\u10e8\u10d8\u10e0\u10d3\u10d4\u10d7 \u10d0\u10dc \u10e8\u10d4\u10e3\u10d9\u10d5\u10d4\u10d7\u10dd\u10d7 \u10de\u10d8\u10e0\u10d3\u10d0\u10de\u10d8\u10e0 \u10e1\u10d0\u10d8\u10e2\u10d8\u10d3\u10d0\u10dc.<\/strong><\/p>\n","protected":false},"excerpt":{"rendered":"<p>\u10ea\u10d4\u10dc\u10e2\u10e0\u10d8\u10e4\u10e3\u10d2\u10d0 &#8211; Biosan LMC-56 \u10db\u10ec\u10d0\u10e0\u10db\u10dd\u10d4\u10d1\u10d4\u10da\u10d8 \u10e5\u10d5\u10d4\u10e7\u10d0\u10dc\u10d0: \u10da\u10d0\u10e2\u10d5\u10d8\u10d0 \u10d3\u10d0\u10ee\u10d0\u10e1\u10d8\u10d0\u10d7\u10d4\u10d1\u10d0:\u00a0 LMC-56 \u10d0\u10e0\u10d8\u10e1 \u10d3\u10d0\u10d1\u10d0\u10da\u10e1\u10d8\u10e9\u10e5\u10d0\u10e0\u10d8\u10d0\u10dc\u10d8, \u10db\u10e0\u10d0\u10d5\u10d0\u10da\u10e4\u10e3\u10dc\u10e5\u10ea\u10d8\u10e3\u10e0\u10d8 \u10ea\u10d4\u10dc\u10e2\u10e0\u10d8\u10e4\u10e3\u10d2\u10d0 \u10e0\u10e3\u10e2\u10d8\u10dc\u10e3\u10da\u10d8 \u10da\u10d0\u10d1\u10dd\u10e0\u10d0\u10e2\u10dd\u10e0\u10d8\u10e3\u10da\u10d8 \u10d2\u10d0\u10db\u10dd\u10e7\u10d4\u10dc\u10d4\u10d1\u10d8\u10e1\u10d7\u10d5\u10d8\u10e1. \u10d8\u10d3\u10d4\u10d0\u10da\u10e3\u10e0\u10d8\u10d0 \u10d1\u10d8\u10dd\u10e5\u10d8\u10db\u10d8\u10e3\u10e0\u10d8, \u10ea\u10d8\u10e2\u10dd\u10da\u10dd\u10d2\u10d8\u10e3\u10e0\u10d8, \u10d8\u10db\u10e3\u10dc\u10dd\u10da\u10dd\u10d2\u10d8\u10e3\u10e0\u10d8<\/p>\n","protected":false},"featured_media":9368,"comment_status":"open","ping_status":"closed","template":"","meta":[],"product_cat":[455],"product_tag":[456,462,464,463,457,461],"_links":{"self":[{"href":"https:\/\/samaia.ge\/ka-ge\/wp-json\/wp\/v2\/product\/9367"}],"collection":[{"href":"https:\/\/samaia.ge\/ka-ge\/wp-json\/wp\/v2\/product"}],"about":[{"href":"https:\/\/samaia.ge\/ka-ge\/wp-json\/wp\/v2\/types\/product"}],"replies":[{"embeddable":true,"href":"https:\/\/samaia.ge\/ka-ge\/wp-json\/wp\/v2\/comments?post=9367"}],"version-history":[{"count":4,"href":"https:\/\/samaia.ge\/ka-ge\/wp-json\/wp\/v2\/product\/9367\/revisions"}],"predecessor-version":[{"id":9426,"href":"https:\/\/samaia.ge\/ka-ge\/wp-json\/wp\/v2\/product\/9367\/revisions\/9426"}],"wp:featuredmedia":[{"embeddable":true,"href":"https:\/\/samaia.ge\/ka-ge\/wp-json\/wp\/v2\/media\/9368"}],"wp:attachment":[{"href":"https:\/\/samaia.ge\/ka-ge\/wp-json\/wp\/v2\/media?parent=9367"}],"wp:term":[{"taxonomy":"product_cat","embeddable":true,"href":"https:\/\/samaia.ge\/ka-ge\/wp-json\/wp\/v2\/product_cat?post=9367"},{"taxonomy":"product_tag","embeddable":true,"href":"https:\/\/samaia.ge\/ka-ge\/wp-json\/wp\/v2\/product_tag?post=9367"}],"curies":[{"name":"wp","href":"https:\/\/api.w.org\/{rel}","templated":true}]}}